{"id":746,"date":"2013-04-14T12:36:16","date_gmt":"2013-04-14T10:36:16","guid":{"rendered":"http:\/\/www.dj5ar.de\/?page_id=746"},"modified":"2020-09-11T12:30:14","modified_gmt":"2020-09-11T11:30:14","slug":"glossary","status":"publish","type":"page","link":"https:\/\/dj5ar.de\/?page_id=746","title":{"rendered":"Glossary"},"content":{"rendered":"<p><span style=\"color: #333333;\">The <strong>www.dj5ar.de<\/strong> site is dedicated a very special subject, where a very special vocabulary is used. Those, who are not involved, but interested, will find certain explanations on this page.<\/span><\/p>\n<p><span style=\"color: #333333;\"><strong><span style=\"text-decoration: underline;\">Amateur radio:<\/span><\/strong> As defined in the <a title=\"Radio Regulations\" href=\"http:\/\/www.itu.int\/pub\/R-REG-RR-2012\"><span style=\"color: #333333;\">radio regulations<\/span><\/a> by the ITU:<\/span><br \/>\n<span style=\"color: #333333;\"> <i>&#8220;<b>1.56<\/b> amateur service: A radiocommunication service for the purpose of selftraining, intercommunication and technical investigations carried out by amateurs, that is, by duly authorized persons interested in radio technique solely with a personal aim and without pecuniary interest.&#8221;<\/i><\/span><\/p>\n<p><span style=\"color: #333333;\">German law (Amateurfunkgesetz)&nbsp; defines it as followes:<\/span><br \/>\n<span style=\"color: #333333;\"> <em>&#8220;<strong>\u00a72.2<\/strong> Amateurfunkdienst, ein Funkdienst, der von Funkamateuren untereinander, zu experimentellen und technisch-wissenschaftlichen Studien, zur eigenen Weiterbildung, zur V\u00f6lkerverst\u00e4ndigung und zur Unterst\u00fctzung von Hilfsaktionen in Not- und Katastrophenf\u00e4llen wahrgenommen wird; der Amateurfunkdienst schlie\u00dft die Benutzung von Weltraumfunkstellen ein. &#8230;&#8221;<\/em><\/span><\/p>\n<p><span style=\"color: #333333;\">In fact it is a playground for people interested in communication technologies, informatics or physics. It is not necessary to have a profession related to one of these subjects, just some basic knowledge is enough to start.<\/span><\/p>\n<p><span style=\"color: #333333;\"><span style=\"text-decoration: underline;\"><strong>Band:<\/strong><\/span> Definition of a frequency range. There are a lot of bands, spread all over the electromagnetic spectrum, for use by radio amateurs. Each band has its specific characteristica depending on the frequency range eg. the wave length. At present I favore the 23 cm band. The frequency range is defined from 1240 to 1300 MHz. As the name says: the wave lenght is only about 23 cm.<\/span><\/p>\n<p><span style=\"color: #333333;\"><span style=\"text-decoration: underline;\"><strong>Beacon:<\/strong><\/span> Unmanned station, transmitting continuously on a fixed frequency, mostly from an exposed location. The observation of beacons is very useful to evaluate all kind of radio wave propagation.<\/span><\/p>\n<p><span style=\"color: #333333;\"><span style=\"text-decoration: underline;\"><strong>Bounce and scatter:<\/strong><\/span> In the way these verbs are used in amateur radio the difference is not defined very sharp. Moon bounce is the synonym for contacts of stations performed by reflections on the moon, a hard body. Aircraft scatter could also be called aircraft bounce because the signals will be reflected by one ore more aeroplanes. In rain scatter, tropo scatter, or meteor scatter more diffuse media like clouds or ionized meteor trails are used to evoke reflections.<\/span><\/p>\n<p><span style=\"color: #333333;\"><strong><span style=\"text-decoration: underline;\">Callsign:<\/span><\/strong> All radio amateurs worldwide need a license to run their station legally. Along with the license a personal callsign will be issued by the relevant authorities of the country\u00b4s governement. The first letters or numbers (prefix) of a callsign are related to the country.<\/span><br \/>\n<span style=\"color: #333333;\"> For example: <strong>DJ<\/strong>5AR is a german and <strong>EI<\/strong>8HH is an irish callsign. These prefixes are widely used as synonyms for country names (EI instead of Ireland).<\/span><\/p>\n<p><span style=\"color: #333333;\"><span style=\"text-decoration: underline;\"><strong>Codes:<\/strong><\/span> In historic times, when telegraphy was the only technology to transmit information in real-time over long distances, time was a limiting factor. That might be unbelievable for &#8220;mobile phone kids&#8221;, but that was fact. Messages had to be kept short (glorious times) and every character costed money. So codes were invented, like the Q-groups or just collections of abbreviations. These were still in use in marine communications (telegraphy!) until satellites became available to all ships in the last decades. Many people still use them, when writing short messages (SMS) on the mobile phone or when performing amateur radio.<\/span><\/p>\n<p><span style=\"color: #333333;\"><span style=\"text-decoration: underline;\"><strong>Contest:<\/strong><\/span> Wether contesting in amateur radio is a sport or not can be discussed. Sitting on a radio station and collecting contacts is in minimum as sporty as racing with a car or playing chess, hi. (see glossary for &#8220;hi&#8221;).<\/span><br \/>\n<span style=\"color: #333333;\"> In fact participating in a contest can be a real skill. Hunting for special stations to collect points or multipliers, working as many as possible during the contest time or to gather distances in kilometers, can be hard work.<\/span><\/p>\n<p><span style=\"color: #333333;\"><span style=\"text-decoration: underline;\"><strong>CQ:<\/strong><\/span> Code for a general call to other stations. Can be restricted by adding the prefix of a specific country or by &#8220;DX&#8221; for long distance calls only.<\/span><\/p>\n<p><span style=\"color: #333333;\"><strong><span style=\"text-decoration: underline;\">CW:<\/span><\/strong> Telegraphy mode, abbreviation of &#8220;continuos wave&#8221;. It is still very useful, when dealing with very weak signals.<br \/>\n<\/span><\/p>\n<p><span style=\"color: #333333;\"><span style=\"text-decoration: underline;\"><strong>DX:<\/strong><\/span> Code for &#8220;long distance&#8221;. ODX is the longest distance for a station worked or heared on a day, in a contest, on a band or at all.<\/span><\/p>\n<p><span style=\"color: #333333;\"><span style=\"text-decoration: underline;\"><strong>EME or Earth-Moon-Earth:<\/strong><\/span> Radio contacts where the moon will be used as a passive reflector.<\/span><\/p>\n<p><span style=\"color: #333333;\"><strong><span style=\"text-decoration: underline;\">GMT:<\/span><\/strong> Short for Greenwich Mean Time which is the global time standard. When the sun crosses the meridian of 0\u00b0 at the Royal Observatory in Greenwich, it is 12.00 o&#8217;clock GMT.<\/span><\/p>\n<p><span style=\"color: #333333;\"><span style=\"text-decoration: underline;\"><strong>HI:<\/strong><\/span> Code in telegraphy for &#8220;I am amused!&#8221; In morse code it sounds very funny indeed: &#8220;Didididit didit&#8221;. In emails and SMS nowadays substituted by: <strong> \ud83d\ude42<\/strong><\/span><\/p>\n<p><span style=\"color: #333333;\"><strong><span style=\"text-decoration: underline;\">Inversion:<\/span><\/strong> Normally the temperature in the atmosphere decreases with the altitude. Under special wheater conditions, e.g. high pressure areas, warm and dry air can cover layers of cold and humid air close to the ground. Radio waves leaving the lower layer, will be refracted.<\/span><\/p>\n<p><span style=\"color: #333333;\"><strong><span style=\"text-decoration: underline;\">ISS:<\/span><\/strong> International Space Station<\/span><\/p>\n<p><span style=\"color: #333333;\"><span style=\"text-decoration: underline;\"><span style=\"text-decoration: underline;\"><strong>Moonbounce:<\/strong><\/span><\/span> See EME.<\/span><\/p>\n<p><span style=\"color: #333333;\"><strong><span style=\"text-decoration: underline;\">NAC:<\/span><\/strong> Nordic Activity Contest.<\/span><\/p>\n<p><span style=\"color: #333333;\"><span style=\"text-decoration: underline;\"><strong>O<span style=\"text-decoration: underline;\">D<\/span>X:<\/strong><\/span> See DX.<\/span><\/p>\n<p><span style=\"color: #333333;\"><strong><span style=\"text-decoration: underline;\">QSO:<\/span><\/strong> Code for a contact between two amateur radio stations. For a complete QSO the callsigns of the involved stations, reception reports and final reception confirmations have to be exchanged. A synonom for this is to have &#8220;worked&#8221; some station.<\/span><\/p>\n<p><span style=\"color: #333333;\"><span style=\"text-decoration: underline;\"><strong>QTH:<\/strong><\/span> Code for the location of a station. Can be given as the name of the place, town, etc. or in a locator grid system, developed by radio amateurs, basing on geografical coordinates. The locator JN49CV defines my location in Mainz.<\/span><\/p>\n<p><span style=\"color: #333333;\"><span style=\"text-decoration: underline;\"><strong>RIG<\/strong><strong>:<\/strong><\/span> Code for equipment like transmitter, receiver, amplifiers or antennas.<\/span><\/p>\n<p><span style=\"color: #333333;\"><strong><span style=\"text-decoration: underline;\">Roger:<\/span><\/strong> Confirmation of reception. Transmission of either the word &#8220;roger&#8221; in voice modes or the code &#8220;R&#8221; in telegrafy or digital modes.<\/span><\/p>\n<p><span style=\"color: #333333;\"><span style=\"text-decoration: underline;\"><strong>Scatter:<\/strong><\/span> See Bounce and Scatter.<\/span><\/p>\n<p><span style=\"color: #333333;\"><span style=\"text-decoration: underline;\"><strong>SHF:<\/strong><\/span> Short for &#8220;Super high frequency&#8221;, the range from 3000 MHz (3 GHz) and up.<\/span><\/p>\n<p><span style=\"color: #333333;\"><strong><span style=\"text-decoration: underline;\">SSB:<\/span> <\/strong>Voice mode, abbreviation of &#8220;single side band&#8221;.<\/span><\/p>\n<p><span style=\"color: #333333;\"><strong><span style=\"text-decoration: underline;\">TNX:<\/span><\/strong> Code for &#8220;Thank you&#8221;.<\/span><\/p>\n<p><span style=\"color: #333333;\"><span style=\"text-decoration: underline;\"><strong>Tropo:<\/strong><\/span> Short for propagation of radio waves in the troposphere. The distance in this propagation mode is, depending on the wave length, limited to some hundred kilometers. It can be enhanced to more than thousand km by troposheric ducting. This can happen under special weather conditions (see inversion).<\/span><\/p>\n<p><span style=\"color: #333333;\"><span style=\"text-decoration: underline;\"><strong>UHF:<\/strong><\/span> Short for &#8220;Ultra high frequency&#8221;, the range from 300 MHz to 3000 MHz.<\/span><\/p>\n<p><span style=\"color: #333333;\"><strong><span style=\"text-decoration: underline;\">UTC:<\/span><\/strong> Short for &#8220;Universal Time Coordinated&#8221; (see GMT).<\/span><\/p>\n<p><span style=\"color: #333333;\"><span style=\"text-decoration: underline;\"><strong>VHF:<\/strong><\/span> Short for &#8220;Very high frequency&#8221;, the range from 30 MHz to 300 MHz.<\/span><\/p>\n<p><span style=\"color: #333333;\">To be continued&#8230;..<\/span><\/p>\n","protected":false},"excerpt":{"rendered":"<p>The www.dj5ar.de site is dedicated a very special subject, where a very special vocabulary is used. Those, who are not involved, but interested, will find certain explanations on this page. [&hellip;]<\/p>\n","protected":false},"author":2,"featured_media":0,"parent":0,"menu_order":15,"comment_status":"closed","ping_status":"closed","template":"","meta":{"footnotes":""},"class_list":["post-746","page","type-page","status-publish","hentry"],"_links":{"self":[{"href":"https:\/\/dj5ar.de\/index.php?rest_route=\/wp\/v2\/pages\/746","targetHints":{"allow":["GET"]}}],"collection":[{"href":"https:\/\/dj5ar.de\/index.php?rest_route=\/wp\/v2\/pages"}],"about":[{"href":"https:\/\/dj5ar.de\/index.php?rest_route=\/wp\/v2\/types\/page"}],"author":[{"embeddable":true,"href":"https:\/\/dj5ar.de\/index.php?rest_route=\/wp\/v2\/users\/2"}],"replies":[{"embeddable":true,"href":"https:\/\/dj5ar.de\/index.php?rest_route=%2Fwp%2Fv2%2Fcomments&post=746"}],"version-history":[{"count":57,"href":"https:\/\/dj5ar.de\/index.php?rest_route=\/wp\/v2\/pages\/746\/revisions"}],"predecessor-version":[{"id":3615,"href":"https:\/\/dj5ar.de\/index.php?rest_route=\/wp\/v2\/pages\/746\/revisions\/3615"}],"wp:attachment":[{"href":"https:\/\/dj5ar.de\/index.php?rest_route=%2Fwp%2Fv2%2Fmedia&parent=746"}],"curies":[{"name":"wp","href":"https:\/\/api.w.org\/{rel}","templated":true}]}}